{"id":1386,"date":"2025-01-10T15:59:05","date_gmt":"2025-01-10T14:59:05","guid":{"rendered":"https:\/\/halalquality.de\/?page_id=1386"},"modified":"2025-02-11T10:33:40","modified_gmt":"2025-02-11T09:33:40","slug":"nachrichten-bpjph","status":"publish","type":"page","link":"https:\/\/halalquality.de\/en\/nachrichten-bpjph\/","title":{"rendered":""},"content":{"rendered":"<div data-elementor-type=\"wp-page\" data-elementor-id=\"1386\" class=\"elementor elementor-1386\">\n\t\t\t\t\t\t\t\t\t<section class=\"elementor-section elementor-top-section elementor-element elementor-element-1893d61c elementor-section-boxed elementor-section-height-default elementor-section-height-default\" data-id=\"1893d61c\" data-element_type=\"section\">\n\t\t\t\t\t\t<div class=\"elementor-container elementor-column-gap-default\">\n\t\t\t\t\t<div class=\"elementor-column elementor-col-100 elementor-top-column elementor-element elementor-element-63a32b8f\" data-id=\"63a32b8f\" data-element_type=\"column\">\n\t\t\t<div class=\"elementor-widget-wrap elementor-element-populated\">\n\t\t\t\t\t\t\t\t<div class=\"elementor-element elementor-element-34e9e2d elementor-widget elementor-widget-spacer\" data-id=\"34e9e2d\" data-element_type=\"widget\" data-widget_type=\"spacer.default\">\n\t\t\t\t<div class=\"elementor-widget-container\">\n\t\t\t<style>\/*! elementor - v3.13.1 - 09-05-2023 *\/\n.elementor-column .elementor-spacer-inner{height:var(--spacer-size)}.e-con{--container-widget-width:100%}.e-con-inner>.elementor-widget-spacer,.e-con>.elementor-widget-spacer{width:var(--container-widget-width,var(--spacer-size));--align-self:var(--container-widget-align-self,initial);--flex-shrink:0}.e-con-inner>.elementor-widget-spacer>.elementor-widget-container,.e-con-inner>.elementor-widget-spacer>.elementor-widget-container>.elementor-spacer,.e-con>.elementor-widget-spacer>.elementor-widget-container,.e-con>.elementor-widget-spacer>.elementor-widget-container>.elementor-spacer{height:100%}.e-con-inner>.elementor-widget-spacer>.elementor-widget-container>.elementor-spacer>.elementor-spacer-inner,.e-con>.elementor-widget-spacer>.elementor-widget-container>.elementor-spacer>.elementor-spacer-inner{height:var(--container-widget-height,var(--spacer-size))}<\/style>\t\t<div class=\"elementor-spacer\">\n\t\t\t<div class=\"elementor-spacer-inner\"><\/div>\n\t\t<\/div>\n\t\t\t\t<\/div>\n\t\t\t\t<\/div>\n\t\t\t\t\t<\/div>\n\t\t<\/div>\n\t\t\t\t\t\t\t<\/div>\n\t\t<\/section>\n\t\t\t\t<section class=\"elementor-section elementor-top-section elementor-element elementor-element-de13c9c elementor-section-boxed elementor-section-height-default elementor-section-height-default\" data-id=\"de13c9c\" data-element_type=\"section\">\n\t\t\t\t\t\t<div class=\"elementor-container elementor-column-gap-default\">\n\t\t\t\t\t<div class=\"elementor-column elementor-col-100 elementor-top-column elementor-element elementor-element-aaa5a3b\" data-id=\"aaa5a3b\" data-element_type=\"column\">\n\t\t\t<div class=\"elementor-widget-wrap elementor-element-populated\">\n\t\t\t\t\t\t\t\t<div class=\"elementor-element elementor-element-df69905 elementor-widget elementor-widget-heading\" data-id=\"df69905\" data-element_type=\"widget\" data-widget_type=\"heading.default\">\n\t\t\t\t<div class=\"elementor-widget-container\">\n\t\t\t<style>\/*! elementor - v3.13.1 - 09-05-2023 *\/\n.elementor-heading-title{padding:0;margin:0;line-height:1}.elementor-widget-heading .elementor-heading-title[class*=elementor-size-]>a{color:inherit;font-size:inherit;line-height:inherit}.elementor-widget-heading .elementor-heading-title.elementor-size-small{font-size:15px}.elementor-widget-heading .elementor-heading-title.elementor-size-medium{font-size:19px}.elementor-widget-heading .elementor-heading-title.elementor-size-large{font-size:29px}.elementor-widget-heading .elementor-heading-title.elementor-size-xl{font-size:39px}.elementor-widget-heading .elementor-heading-title.elementor-size-xxl{font-size:59px}<\/style><h2 class=\"elementor-heading-title elementor-size-default\">News regarding accreditation<\/h2>\t\t<\/div>\n\t\t\t\t<\/div>\n\t\t\t\t<section class=\"elementor-section elementor-inner-section elementor-element elementor-element-1dc21f8 elementor-section-boxed elementor-section-height-default elementor-section-height-default\" data-id=\"1dc21f8\" data-element_type=\"section\">\n\t\t\t\t\t\t<div class=\"elementor-container elementor-column-gap-default\">\n\t\t\t\t\t<div class=\"elementor-column elementor-col-100 elementor-inner-column elementor-element elementor-element-2d8400b\" data-id=\"2d8400b\" data-element_type=\"column\">\n\t\t\t<div class=\"elementor-widget-wrap elementor-element-populated\">\n\t\t\t\t\t\t\t\t<div class=\"elementor-element elementor-element-a3945c4 elementor-widget elementor-widget-text-editor\" data-id=\"a3945c4\" data-element_type=\"widget\" data-widget_type=\"text-editor.default\">\n\t\t\t\t<div class=\"elementor-widget-container\">\n\t\t\t<style>\/*! elementor - v3.13.1 - 09-05-2023 *\/\n.elementor-widget-text-editor.elementor-drop-cap-view-stacked .elementor-drop-cap{background-color:#69727d;color:#fff}.elementor-widget-text-editor.elementor-drop-cap-view-framed .elementor-drop-cap{color:#69727d;border:3px solid;background-color:transparent}.elementor-widget-text-editor:not(.elementor-drop-cap-view-default) .elementor-drop-cap{margin-top:8px}.elementor-widget-text-editor:not(.elementor-drop-cap-view-default) .elementor-drop-cap-letter{width:1em;height:1em}.elementor-widget-text-editor .elementor-drop-cap{float:left;text-align:center;line-height:1;font-size:50px}.elementor-widget-text-editor .elementor-drop-cap-letter{display:inline-block}<\/style>\t\t\t\t<p>We adhere to the following Indonesian National Standards (SNI) and other relevant criteria:<\/p>\n<p>1. SNI 99001:2016 \u2013 Indonesian National Standard for the Halal Management System<br>2. SNI 99002:2016 \u2013 Indonesian National Standard for Halal Slaughter of Poultry<br>3. SNI 99003:2018 \u2013 Indonesian National Standard for Halal Slaughter of Ruminants<br>4. SNI 99005:2021 \u2013 Indonesian National Standard for Requirements and Guidelines for the Quality, Safety, and Performance of Certain Products or Services<br>5. SJPH Criteria \u2013 Criteria for the Halal Product Guarantee System, which includes five aspects: Commitment and Responsibility, Materials, Halal Product Processes, Products, and Monitoring and Evaluation.<br>6. SJPH - Halal Product Guarantee System, an integrated system that regulates materials, production processes, products, resources and procedures to ensure the continuity of halal product processes.<\/p>\n<p>By adhering to these essential standards, we aim to assist businesses in achieving halal certification and contributing to the integrity of the halal market in Indonesia.<\/p>\n<p>Through our commitment to these guidelines, we strive to promote best practices that meet the needs of consumers seeking halal-certified products and services.<\/p>\t\t\t\t\t\t<\/div>\n\t\t\t\t<\/div>\n\t\t\t\t\t<\/div>\n\t\t<\/div>\n\t\t\t\t\t\t\t<\/div>\n\t\t<\/section>\n\t\t\t\t<div class=\"elementor-element elementor-element-c9170e7 elementor-widget elementor-widget-spacer\" data-id=\"c9170e7\" data-element_type=\"widget\" data-widget_type=\"spacer.default\">\n\t\t\t\t<div class=\"elementor-widget-container\">\n\t\t\t\t\t<div class=\"elementor-spacer\">\n\t\t\t<div class=\"elementor-spacer-inner\"><\/div>\n\t\t<\/div>\n\t\t\t\t<\/div>\n\t\t\t\t<\/div>\n\t\t\t\t\t<\/div>\n\t\t<\/div>\n\t\t\t\t\t\t\t<\/div>\n\t\t<\/section>\n\t\t\t\t\t\t\t<\/div>","protected":false},"excerpt":{"rendered":"<p>Nachrichten hinsichtlich der Akkreditierung Wir halten uns an die folgenden indonesischen Nationalstandards (SNI) und andere relevante Kriterien: 1. SNI 99001:2016 &#8211; Nationaler indonesischer Standard f\u00fcr das Halal-Managementsystem2. SNI 99002:2016 &#8211; Nationaler indonesischer Standard f\u00fcr Halal-Schlachtung von Gefl\u00fcgel3. SNI 99003:2018 &#8211; Nationaler indonesischer Standard f\u00fcr Halal-Schlachtung von Wiederk\u00e4uern4. SNI 99005:2021 &#8211; Nationaler indonesischer Standard f\u00fcr Anforderungen [&hellip;]<\/p>","protected":false},"author":1,"featured_media":0,"parent":0,"menu_order":0,"comment_status":"closed","ping_status":"closed","template":"","meta":{"footnotes":""},"class_list":["post-1386","page","type-page","status-publish","hentry"],"_links":{"self":[{"href":"https:\/\/halalquality.de\/en\/wp-json\/wp\/v2\/pages\/1386","targetHints":{"allow":["GET"]}}],"collection":[{"href":"https:\/\/halalquality.de\/en\/wp-json\/wp\/v2\/pages"}],"about":[{"href":"https:\/\/halalquality.de\/en\/wp-json\/wp\/v2\/types\/page"}],"author":[{"embeddable":true,"href":"https:\/\/halalquality.de\/en\/wp-json\/wp\/v2\/users\/1"}],"replies":[{"embeddable":true,"href":"https:\/\/halalquality.de\/en\/wp-json\/wp\/v2\/comments?post=1386"}],"version-history":[{"count":24,"href":"https:\/\/halalquality.de\/en\/wp-json\/wp\/v2\/pages\/1386\/revisions"}],"predecessor-version":[{"id":1438,"href":"https:\/\/halalquality.de\/en\/wp-json\/wp\/v2\/pages\/1386\/revisions\/1438"}],"wp:attachment":[{"href":"https:\/\/halalquality.de\/en\/wp-json\/wp\/v2\/media?parent=1386"}],"curies":[{"name":"wp","href":"https:\/\/api.w.org\/{rel}","templated":true}]}}